{"id":245,"date":"2024-09-02T10:33:56","date_gmt":"2024-09-02T08:33:56","guid":{"rendered":"https:\/\/picassoleil-vtttheque.site\/?page_id=245"},"modified":"2025-09-08T15:10:58","modified_gmt":"2025-09-08T13:10:58","slug":"mentions-legales","status":"publish","type":"page","link":"https:\/\/picassoleil-vtttheque.site\/index.php\/mentions-legales\/","title":{"rendered":"Mentions l\u00e9gales"},"content":{"rendered":"<div class=\"brz-root__container brz-reset-all brz\">{{ brizy_dc_global_blocks position=&rsquo;top&rsquo; }}<\/p>\n<section id=\"slJgYwWku7pW\" class=\"brz-section brz-css-hwn_7\">\n<div class=\"brz-section__content brz-section--boxed brz-css-xLsbs\" data-brz-custom-id=\"j6h_BmGy7hQa\">\n<div class=\"brz-container brz-css-wtCzm\"><\/div>\n<\/div>\n<\/section>\n<section id=\"bq44OuVrkKkL\" class=\"brz-section brz-css-hwn_7\">\n<div class=\"brz-section__content brz-section--boxed brz-css-xLsbs brz-css-yX6A6\" data-brz-custom-id=\"fmynaGXU7Uv9\">\n<div class=\"brz-bg\">\n<div class=\"brz-bg-color\"><\/div>\n<\/div>\n<div class=\"brz-container brz-css-wtCzm\">\n<div class=\"brz-row__container brz-css-qG1Ey brz-css-pXR3o\" data-brz-custom-id=\"elSDku0CcTts\">\n<div class=\"brz-bg\"><\/div>\n<div class=\"brz-row brz-css-zPEDJ\">\n<div class=\"brz-columns brz-css-q8ZAK brz-css-vMho7\" data-brz-custom-id=\"g6dds7jpBepf\">\n<div class=\"brz-bg\"><\/div>\n<div class=\"brz-column__items brz-css-uMFsx brz-css-ghieE\">\n<div id=\"\" class=\"brz-css-wooAF brz-css-r_G11 brz-wrapper\">\n<div class=\"brz-image brz-css-g0pav\" data-brz-custom-id=\"kqkaa1HdZRHc\"><a class=\"brz-a\" href=\"{{placeholder content='e3ticml6eV9kY19wZXJtYWxpbmsgcG9zdF9pZD0iNDcifX0='}}\" target=\"_self\" rel=\"noopener\" data-brz-link-type=\"page\"><picture class=\"brz-picture brz-d-block brz-p-relative brz-css-eCW3d\"><source srcset=\"https:\/\/picassoleil-vtttheque.site\/?brizy_media=wp-3a645c3041c6c4ae00f2efee84e77289.png&amp;brizy_crop=iW%3D173%26iH%3D173%26oX%3D0%26oY%3D6%26cW%3D173%26cH%3D161 1x, https:\/\/picassoleil-vtttheque.site\/?brizy_media=wp-3a645c3041c6c4ae00f2efee84e77289.png&amp;brizy_crop=iW%3D346%26iH%3D346%26oX%3D0%26oY%3D12%26cW%3D346%26cH%3D322 2x\" media=\"(min-width: 992px)\"><source srcset=\"https:\/\/picassoleil-vtttheque.site\/?brizy_media=wp-3a645c3041c6c4ae00f2efee84e77289.png&amp;brizy_crop=iW%3D107%26iH%3D107%26oX%3D0%26oY%3D4%26cW%3D107%26cH%3D99 1x, https:\/\/picassoleil-vtttheque.site\/?brizy_media=wp-3a645c3041c6c4ae00f2efee84e77289.png&amp;brizy_crop=iW%3D214%26iH%3D214%26oX%3D0%26oY%3D8%26cW%3D214%26cH%3D198 2x\" media=\"(min-width: 768px)\"><img decoding=\"async\" class=\"brz-img\" srcset=\"https:\/\/picassoleil-vtttheque.site\/?brizy_media=wp-3a645c3041c6c4ae00f2efee84e77289.png&amp;brizy_crop=iW%3D109%26iH%3D109%26oX%3D0%26oY%3D1%26cW%3D109%26cH%3D107 1x, https:\/\/picassoleil-vtttheque.site\/?brizy_media=wp-3a645c3041c6c4ae00f2efee84e77289.png&amp;brizy_crop=iW%3D218%26iH%3D218%26oX%3D0%26oY%3D2%26cW%3D218%26cH%3D214 2x\" src=\"https:\/\/picassoleil-vtttheque.site\/?brizy_media=wp-3a645c3041c6c4ae00f2efee84e77289.png&amp;brizy_crop=iW%3D173%26iH%3D173%26oX%3D0%26oY%3D6%26cW%3D173%26cH%3D161\" alt=\"{{placeholder content='e3sgYnJpenlfZGNfaW1hZ2VfYWx0IH19' imageSrc='wp-3a645c3041c6c4ae00f2efee84e77289.png'}}\" draggable=\"false\" loading=\"lazy\"><\/picture><\/a><\/div>\n<\/div>\n<\/div>\n<\/div>\n<div class=\"brz-columns brz-css-q8ZAK brz-css-nAXoK\" data-brz-custom-id=\"o50EYYvyLruo\">\n<div class=\"brz-bg\"><\/div>\n<div class=\"brz-column__items brz-css-uMFsx\">\n<div id=\"\" class=\"brz-css-wooAF brz-css-gJGmW brz-wrapper\">\n<div class=\"brz-menu-simple brz-css-gqCas brz-css-tCDNw\">\n<div class=\"brz-menu-simple__toggle brz-menu-simple__toggle--mobile\"><input type=\"checkbox\" class=\"brz-input\" id=\"brz-menu-simple__btn-plTY6\"><label class=\"brz-menu-simple__icon\" for=\"brz-menu-simple__btn-plTY6\"><span class=\"brz-menu-simple__icon--bars\"><\/span><\/label><\/p>\n<div style=\"min-height:20px\">{{placeholder content=&rsquo;e3sgZWRpdG9yX25hdmlnYXRpb24gfX0=&rsquo; menuId=&rsquo;menu-wordpress&rsquo;}}<\/div>\n<\/div>\n<\/div>\n<\/div>\n<\/div>\n<\/div>\n<\/div>\n<\/div>\n<div id=\"\" class=\"brz-css-wooAF brz-css-qzYGL brz-wrapper\">\n<div class=\"brz-spacer brz-css-b_Kmq\"><\/div>\n<\/div>\n<div id=\"\" class=\"brz-css-wooAF brz-wrapper\">\n<div class=\"brz-rich-text brz-rich-text__custom brz-css-bUDGZ\" data-brz-custom-id=\"x9rUAGRJsEPz\">\n<div data-brz-translate-text=\"1\">\n<p data-uniq-id=\"xwAjA\" data-generated-css=\"brz-css-sKJaL\" class=\"brz-ff-poppins brz-ft-google brz-fs-lg-16 brz-fss-lg-px brz-fw-lg-400 brz-ls-lg-0 brz-lh-lg-1_9 brz-vfw-lg-400 brz-fwdth-lg-100 brz-fsft-lg-0 brz-tp-lg-heading1 brz-bcp-color4 brz-text-lg-center brz-css-nMv18\"><span style=\"color: rgba(var(--brz-global-color4),1);\" class=\"brz-cp-color4\">Mentions L\u00e9gales <\/span><\/p>\n<\/div>\n<\/div>\n<\/div>\n<div id=\"\" class=\"brz-css-wooAF brz-wrapper\">\n<div class=\"brz-rich-text brz-rich-text__custom brz-css-bUDGZ\" data-brz-custom-id=\"wVU8Dq_1xy7W\">\n<div data-brz-translate-text=\"1\">\n<p class=\"brz-tp-lg-paragraph brz-css-csmm2\" data-uniq-id=\"ujZ0E\" data-generated-css=\"brz-css-rEunh\"><strong>Nom du Site<\/strong> : Service de Pr\u00eat de V\u00e9los<\/p>\n<p class=\"brz-tp-lg-paragraph brz-css-zCiFX\" data-uniq-id=\"zvfDN\" data-generated-css=\"brz-css-ixFgx\"><strong>URL du Site<\/strong> : https:\/\/picassoleil-vtttheque.fr\/<\/p>\n<p class=\"brz-tp-lg-paragraph brz-css-yH42X\" data-uniq-id=\"owKKF\" data-generated-css=\"brz-css-q2A6h\"><strong>Propri\u00e9taire du Site<\/strong> : <span style=\"color: rgb(13, 13, 13);\">l&rsquo;Association Pic-ASSO-Leil <\/span><\/p>\n<p class=\"brz-tp-lg-paragraph brz-css-tD7Us\" data-uniq-id=\"xqjrL\" data-generated-css=\"brz-css-l_nxZ\"><strong>Adresse<\/strong> : 2 Rue Hector Michaux, 59163 Cond\u00e9-sur-l&rsquo;Escaut, France<\/p>\n<p class=\"brz-tp-lg-paragraph brz-css-pL6FM\" data-uniq-id=\"lM5rb\" data-generated-css=\"brz-css-xqZjN\"><strong>Email de Contact<\/strong> : cdragoni@epdsae.fr \/ mherbin@epdsae.fr<\/p>\n<p class=\"brz-tp-lg-paragraph brz-css-epu3P\" data-uniq-id=\"rze5D\" data-generated-css=\"brz-css-vDiES\"><strong>Num\u00e9ro de T\u00e9l\u00e9phone<\/strong> : <span style=\"color: rgb(0, 66, 131);\">06.72.09.97.60 <\/span><\/p>\n<p class=\"brz-tp-lg-paragraph brz-css-hqlUQ\" data-uniq-id=\"auO_I\" data-generated-css=\"brz-css-bXEJi\"><strong>H\u00e9bergeur<\/strong> : Hostinger, UAB Jovanos g.60C, 44192 Kaunas, Lithuania<\/p>\n<h4 class=\"brz-tp-lg-heading4 brz-css-lLF5I\" data-uniq-id=\"kepNa\" data-generated-css=\"brz-css-sk91O\">1. <strong>Pr\u00e9sentation du Site<\/strong><\/h4>\n<p class=\"brz-tp-lg-paragraph brz-css-lPXfE\" data-uniq-id=\"eonxJ\" data-generated-css=\"brz-css-uYgmB\">Le site <span style=\"color: rgb(13, 13, 13);\"> Pic-ASSO-Leil <\/span>est un service propos\u00e9 par le foyer de Cond\u00e9-sur-l&rsquo;Escaut visant \u00e0 offrir <span class=\"brz-cp-color2\" style=\"color: rgba(var(--brz-global-color2),1);\">pour les structures de la R\u00e9gion Hauts-de-France<\/span> de r\u00e9server et de pr\u00eater des v\u00e9los gratuitement.<\/p>\n<h4 class=\"brz-tp-lg-heading4 brz-css-zJUzQ\" data-uniq-id=\"hZQiu\" data-generated-css=\"brz-css-stq8s\">2. <strong>Propri\u00e9t\u00e9 Intellectuelle<\/strong><\/h4>\n<p class=\"brz-tp-lg-paragraph brz-css-zEJ47\" data-uniq-id=\"lkCUR\" data-generated-css=\"brz-css-jWXht\">Tous les contenus pr\u00e9sents sur le site (textes, images, logos, etc.) sont prot\u00e9g\u00e9s par le droit de la propri\u00e9t\u00e9 intellectuelle et sont la propri\u00e9t\u00e9 exclusive de <span style=\"color: rgb(13, 13, 13);\">l&rsquo;Association Pic-ASSO-Leil<\/span>. Toute reproduction, distribution, modification ou utilisation de ces contenus sans autorisation pr\u00e9alable est strictement interdite.<\/p>\n<h4 class=\"brz-tp-lg-heading4 brz-css-pWkRw\" data-uniq-id=\"j6yyS\" data-generated-css=\"brz-css-uy4vQ\">3. <strong>Protection des Donn\u00e9es Personnelles<\/strong><\/h4>\n<p class=\"brz-tp-lg-paragraph brz-css-ggrn_\" data-uniq-id=\"iL5jz\" data-generated-css=\"brz-css-rr208\">Conform\u00e9ment \u00e0 la r\u00e9glementation en vigueur, notamment le R\u00e8glement G\u00e9n\u00e9ral sur la Protection des Donn\u00e9es (RGPD), Service de Pr\u00eat de V\u00e9los s&rsquo;engage \u00e0 respecter la confidentialit\u00e9 des donn\u00e9es personnelles collect\u00e9es aupr\u00e8s des utilisateurs. Les informations recueillies lors de l&rsquo;inscription au service de pr\u00eat de v\u00e9los sont utilis\u00e9es exclusivement pour la gestion des r\u00e9servations. Les utilisateurs disposent d&rsquo;un droit d&rsquo;acc\u00e8s, de rectification et de suppression de leurs donn\u00e9es personnelles, qu&rsquo;ils peuvent exercer en contactant cdragoni@epdsae.fr.<\/p>\n<h4 class=\"brz-tp-lg-heading4 brz-css-hAHKC\" data-uniq-id=\"mpVxa\" data-generated-css=\"brz-css-sY3ud\">4. <strong>Cookies<\/strong><\/h4>\n<p class=\"brz-tp-lg-paragraph brz-css-rL7GN\" data-uniq-id=\"na9D0\" data-generated-css=\"brz-css-bHTWE\">Le site utilise des cookies pour am\u00e9liorer l&rsquo;exp\u00e9rience utilisateur. En naviguant sur le site, l&rsquo;utilisateur accepte l&rsquo;utilisation des cookies. L&rsquo;utilisateur a la possibilit\u00e9 de d\u00e9sactiver les cookies en configurant son navigateur.<\/p>\n<h4 class=\"brz-tp-lg-heading4 brz-css-zn11Q\" data-uniq-id=\"vPzOs\" data-generated-css=\"brz-css-b3ijS\">5. <strong>Responsabilit\u00e9<\/strong><\/h4>\n<p class=\"brz-tp-lg-paragraph brz-css-yzi2q\" data-uniq-id=\"w1qZt\" data-generated-css=\"brz-css-uHsB_\">Le foyer de Cond\u00e9-sur-l&rsquo;Escaut ne peut \u00eatre tenu responsable des dommages directs ou indirects r\u00e9sultant de l&rsquo;utilisation des v\u00e9los pr\u00eat\u00e9s via le site. Les utilisateurs s&rsquo;engagent \u00e0 respecter les conditions d&rsquo;utilisation et \u00e0 utiliser les v\u00e9los de mani\u00e8re responsable. En cas de dommages ou de perte du v\u00e9lo, l&rsquo;utilisateur pourra \u00eatre tenu responsable.<\/p>\n<h4 class=\"brz-tp-lg-heading4 brz-css-lPvbf\" data-uniq-id=\"j7nH_\" data-generated-css=\"brz-css-gLaGc\">6. <strong>Modification des Mentions L\u00e9gales<\/strong><\/h4>\n<p class=\"brz-tp-lg-paragraph brz-css-ukj2N\" data-uniq-id=\"xLy6K\" data-generated-css=\"brz-css-rkCrF\">Le site \u00ab\u00a0Service de Pr\u00eat de V\u00e9los\u00a0\u00bb se r\u00e9serve le droit de modifier les pr\u00e9sentes mentions l\u00e9gales \u00e0 tout moment. Les utilisateurs sont invit\u00e9s \u00e0 consulter r\u00e9guli\u00e8rement cette page pour prendre connaissance des \u00e9ventuelles modifications.<\/p>\n<h4 class=\"brz-tp-lg-heading4 brz-css-aQRbY\" data-uniq-id=\"dUsxJ\" data-generated-css=\"brz-css-zmqXq\">7. <strong>Droit Applicable<\/strong><\/h4>\n<p class=\"brz-tp-lg-paragraph brz-css-px_KC\" data-uniq-id=\"qhxw6\" data-generated-css=\"brz-css-t9iz6\">Les pr\u00e9sentes mentions l\u00e9gales sont r\u00e9gies par le droit fran\u00e7ais. Tout litige relatif \u00e0 l&rsquo;utilisation du site sera soumis \u00e0 la juridiction des tribunaux comp\u00e9tents.<\/p>\n<p class=\"brz-tp-lg-paragraph brz-css-gqUuT\" data-uniq-id=\"tAXyV\" data-generated-css=\"brz-css-nHpws\"><\/p>\n<p class=\"brz-fsft-lg-0 brz-fwdth-lg-100 brz-vfw-lg-400 brz-lh-lg-1_9 brz-ls-lg-0 brz-fw-lg-400 brz-fss-lg-px brz-fs-lg-16 brz-ft-google brz-ff-poppins brz-tp-lg-empty brz-css-zj2NV\" data-uniq-id=\"a3wWt\" data-generated-css=\"brz-css-wn5GI\">Pour toute question concernant ces mentions l\u00e9gales, merci de nous contacter \u00e0 l&rsquo;adresse suivante : cdragoni@epdsae.fr<\/p>\n<\/div>\n<\/div>\n<\/div>\n<div id=\"\" class=\"brz-css-wooAF brz-css-qzYGL brz-wrapper\">\n<div class=\"brz-spacer brz-css-b_Kmq\"><\/div>\n<\/div>\n<div class=\"brz-row__container brz-css-qG1Ey\" data-brz-custom-id=\"twQFZAh7mvYT\">\n<div class=\"brz-bg\"><\/div>\n<div class=\"brz-row brz-css-zPEDJ brz-css-dlN5Y\">\n<div class=\"brz-columns brz-css-q8ZAK\" data-brz-custom-id=\"cYUUHSIdj_RE\">\n<div class=\"brz-bg\"><\/div>\n<div class=\"brz-column__items brz-css-uMFsx\">\n<div class=\"brz-row__container brz-css-qG1Ey\" data-brz-custom-id=\"qKxaXCUKzJ9a\">\n<div class=\"brz-bg\"><\/div>\n<div class=\"brz-row brz-row--inner brz-css-zPEDJ brz-css-dlN5Y\">\n<div class=\"brz-columns brz-css-q8ZAK\" data-brz-custom-id=\"tUlv9882MGCB\">\n<div class=\"brz-bg\"><\/div>\n<div class=\"brz-column__items brz-css-uMFsx\">\n<div id=\"\" class=\"brz-css-wooAF brz-wrapper\">\n<div class=\"brz-rich-text brz-rich-text__custom brz-css-bUDGZ\" data-brz-custom-id=\"ijYXs0wrrqIA\">\n<div data-brz-translate-text=\"1\">\n<p class=\"brz-tp-lg-paragraph brz-css-vwZDl\" data-generated-css=\"brz-css-l6ewF\" data-uniq-id=\"nO2p1\"><\/p>\n<p class=\"brz-fss-lg-px brz-fw-lg-300 brz-ls-lg-0 brz-lh-lg-1_7 brz-ff-poppins brz-ft-google brz-fs-lg-18 brz-tp-lg-empty brz-css-ahfRy\" data-generated-css=\"brz-css-bWHRG\" data-uniq-id=\"gm8oD\"><strong class=\"brz-cp-color4\" style=\"color: rgba(var(--brz-global-color4),1);\"><u>Pages<\/u><\/strong><\/p>\n<p class=\"brz-lh-lg-1_7 brz-ls-lg-0 brz-fw-lg-300 brz-fss-lg-px brz-fs-lg-16 brz-ft-google brz-ff-poppins brz-tp-lg-empty brz-css-i15XQ\" data-generated-css=\"brz-css-gy9W8\" data-uniq-id=\"mr2Nf\"><a class=\"brz-cp-color2 link--page\" style=\"color: rgba(var(--brz-global-color2),1);\" href=\"{{placeholder content='e3ticml6eV9kY19wZXJtYWxpbmsgcG9zdF9pZD0iNDcifX0='}}\" data-brz-link-type=\"page\">Accueil <\/a><\/p>\n<p class=\"brz-lh-lg-1_7 brz-ls-lg-0 brz-fw-lg-300 brz-fss-lg-px brz-fs-lg-16 brz-ft-google brz-ff-poppins brz-tp-lg-empty brz-css-m5qLn\" data-generated-css=\"brz-css-y4aMr\" data-uniq-id=\"syMi1\"><a class=\"brz-cp-color2 link--page\" style=\"background-color: rgb(255, 255, 255); color: rgba(var(--brz-global-color2),1);\" href=\"{{placeholder content='e3ticml6eV9kY19wZXJtYWxpbmsgcG9zdF9pZD0iMTczIn19'}}\" data-brz-link-type=\"page\">R\u00e9servation <\/a><a class=\"brz-cp-color2 link--page\" style=\"color: rgba(var(--brz-global-color2),1);\" href=\"{{placeholder content='e3ticml6eV9kY19wZXJtYWxpbmsgcG9zdF9pZD0iMTczIn19'}}\" data-brz-link-type=\"page\"> <\/a><\/p>\n<p class=\"brz-lh-lg-1_7 brz-ls-lg-0 brz-fw-lg-300 brz-fss-lg-px brz-fs-lg-16 brz-ft-google brz-ff-poppins brz-tp-lg-empty brz-css-nmySv\" data-generated-css=\"brz-css-oBkxA\" data-uniq-id=\"k0hkc\"><a class=\"link--page brz-cp-color2\" style=\"color: rgba(var(--brz-global-color2),1);\" href=\"{{placeholder content='e3ticml6eV9kY19wZXJtYWxpbmsgcG9zdF9pZD0iMTM3In19'}}\" data-brz-link-type=\"page\">Nous contacter<\/a><\/p>\n<p class=\"brz-tp-lg-empty brz-ff-poppins brz-ft-google brz-fs-lg-16 brz-fss-lg-px brz-fw-lg-400 brz-ls-lg-0 brz-lh-lg-1_9 brz-vfw-lg-400 brz-fwdth-lg-100 brz-fsft-lg-0 brz-css-g6cYs\" data-generated-css=\"brz-css-wA4jX\" data-uniq-id=\"hk24e\"><\/p>\n<\/div>\n<\/div>\n<\/div>\n<\/div>\n<\/div>\n<div class=\"brz-columns brz-css-q8ZAK\" data-brz-custom-id=\"fibmZvOAH0Nx\">\n<div class=\"brz-bg\"><\/div>\n<div class=\"brz-column__items brz-css-uMFsx\">\n<div id=\"\" class=\"brz-css-wooAF brz-wrapper\">\n<div class=\"brz-rich-text brz-rich-text__custom brz-css-bUDGZ\" data-brz-custom-id=\"fstXrRURL7Ep\">\n<div data-brz-translate-text=\"1\">\n<p class=\"brz-tp-lg-paragraph brz-css-t1dZh\" data-generated-css=\"brz-css-fNZq8\" data-uniq-id=\"o7WrP\"><\/p>\n<p class=\"brz-fss-lg-px brz-fw-lg-300 brz-ls-lg-0 brz-lh-lg-1_7 brz-ff-poppins brz-ft-google brz-fs-lg-18 brz-tp-lg-empty brz-css-iJsqW\" data-generated-css=\"brz-css-danGD\" data-uniq-id=\"iiY7i\"><strong class=\"brz-cp-color4\" style=\"color: rgba(var(--brz-global-color4),1);\"><u>Pages l\u00e9gales <\/u><\/strong><\/p>\n<p class=\"brz-lh-lg-1_7 brz-ls-lg-0 brz-fw-lg-300 brz-fss-lg-px brz-fs-lg-16 brz-ft-google brz-ff-poppins brz-tp-lg-empty brz-css-e5IqA\" data-generated-css=\"brz-css-pGygF\" data-uniq-id=\"j0buM\"><a class=\"link--page brz-cp-color2\" style=\"color: rgba(var(--brz-global-color2),1);\" href=\"{{placeholder content='e3ticml6eV9kY19wZXJtYWxpbmsgcG9zdF9pZD0iMjQ1In19'}}\" data-brz-link-type=\"page\">Mentions l\u00e9gales <\/a><\/p>\n<p class=\"brz-lh-lg-1_7 brz-ls-lg-0 brz-fw-lg-300 brz-fss-lg-px brz-fs-lg-16 brz-ft-google brz-ff-poppins brz-tp-lg-empty brz-css-lz9dA\" data-generated-css=\"brz-css-vUiSy\" data-uniq-id=\"jf0FP\"><a class=\"link--page brz-cp-color2\" style=\"color: rgba(var(--brz-global-color2),1);\" href=\"{{placeholder content='e3ticml6eV9kY19wZXJtYWxpbmsgcG9zdF9pZD0iODUifX0='}}\" data-brz-link-type=\"page\">Politique de confidentialit\u00e9<\/a><\/p>\n<p class=\"brz-tp-lg-empty brz-ff-poppins brz-ft-google brz-fs-lg-16 brz-fss-lg-px brz-fw-lg-400 brz-ls-lg-0 brz-lh-lg-1_9 brz-vfw-lg-400 brz-fwdth-lg-100 brz-fsft-lg-0 brz-css-tbSWc\" data-generated-css=\"brz-css-aAKvz\" data-uniq-id=\"cENhp\"><\/p>\n<\/div>\n<\/div>\n<\/div>\n<\/div>\n<\/div>\n<\/div>\n<\/div>\n<\/div>\n<\/div>\n<div class=\"brz-columns brz-css-q8ZAK\" data-brz-custom-id=\"nz9hytsQS_Kf\">\n<div class=\"brz-bg\"><\/div>\n<div class=\"brz-column__items brz-css-uMFsx\">\n<div class=\"brz-row__container brz-css-qG1Ey\" data-brz-custom-id=\"bq1XL8i4NGEc\">\n<div class=\"brz-bg\"><\/div>\n<div class=\"brz-row brz-row--inner brz-css-zPEDJ brz-css-dlN5Y\">\n<div class=\"brz-columns brz-css-q8ZAK\" data-brz-custom-id=\"ujwTjV2pB0cV\">\n<div class=\"brz-bg\"><\/div>\n<div class=\"brz-column__items brz-css-uMFsx\">\n<div id=\"\" class=\"brz-css-wooAF brz-wrapper\">\n<div class=\"brz-rich-text brz-rich-text__custom brz-css-bUDGZ\" data-brz-custom-id=\"gwj3vuGPIbsx\">\n<div data-brz-translate-text=\"1\">\n<p class=\"brz-tp-lg-paragraph brz-css-lR8P3\" data-uniq-id=\"nRRKL\" data-generated-css=\"brz-css-oK0ap\"><\/p>\n<p class=\"brz-lh-lg-1_7 brz-fw-lg-300 brz-fs-lg-18 brz-ls-lg-0 brz-fss-lg-px brz-ft-google brz-ff-poppins brz-tp-lg-empty brz-css-hxUYO\" data-uniq-id=\"l3fRc\" data-generated-css=\"brz-css-sT1d5\"><strong style=\"color: rgba(var(--brz-global-color4),1);\" class=\"brz-cp-color4\"><u>Nous contacter<\/u><\/strong><\/p>\n<\/div>\n<\/div>\n<\/div>\n<div class=\"brz-wrapper-clone brz-css-oJoAY\">\n<div class=\"brz-d-xs-flex brz-flex-xs-wrap brz-css-xZxl9 brz-css-j9EzF\" data-brz-custom-id=\"\">\n<div class=\"brz-wrapper-clone__item\" id=\"wVKktBAVqIxY\">\n<div class=\"brz-icon__container\" data-brz-custom-id=\"wVKktBAVqIxY\"><a class=\"brz-a\" href=\"mailto:cdragoni@epdsae.fr\" target=\"_self\" rel=\"noopener\" data-brz-link-type=\"external\"><span class=\"brz-icon brz-span brz-css-inGzK brz-css-mLcpW\"><svg class=\"brz-icon-svg align-[initial]\"><use href=\"\/wp-content\/plugins\/brizy\/public\/editor-build\/prod\/editor\/icons\/fa\/envelope.svg#fa_icon\"><\/use><\/svg><\/span><\/a><\/div>\n<\/div>\n<\/div>\n<\/div>\n<\/div>\n<\/div>\n<div class=\"brz-columns brz-css-q8ZAK\" data-brz-custom-id=\"lA2NXHXpVhgZ\">\n<div class=\"brz-bg\"><\/div>\n<div class=\"brz-column__items brz-css-uMFsx\"><\/div>\n<\/div>\n<\/div>\n<\/div>\n<\/div>\n<\/div>\n<\/div>\n<\/div>\n<\/div>\n<\/div>\n<\/section>\n<p>{{ brizy_dc_global_blocks position=&rsquo;bottom&rsquo; }}<\/p><\/div>\n<p>    <!-- version:1757337058 --><\/p>\n","protected":false},"excerpt":{"rendered":"<p>{{ brizy_dc_global_blocks position=&rsquo;top&rsquo; }} {{placeholder content=&rsquo;e3sgZWRpdG9yX25hdmlnYXRpb24gfX0=&rsquo; menuId=&rsquo;menu-wordpress&rsquo;}} Mentions L\u00e9gales Nom du Site : Service de Pr\u00eat de V\u00e9los URL du Site : https:\/\/picassoleil-vtttheque.fr\/ Propri\u00e9taire du Site : l&rsquo;Association Pic-ASSO-Leil Adresse : 2 Rue Hector Michaux, 59163 Cond\u00e9-sur-l&rsquo;Escaut, France Email de Contact : cdragoni@epdsae.fr \/ mherbin@epdsae.fr Num\u00e9ro de T\u00e9l\u00e9phone : 06.72.09.97.60 H\u00e9bergeur : Hostinger, UAB Jovanos [&hellip;]<\/p>\n","protected":false},"author":1,"featured_media":0,"parent":0,"menu_order":0,"comment_status":"closed","ping_status":"closed","template":"brizy-blank-template.php","meta":{"footnotes":""},"class_list":["post-245","page","type-page","status-publish","hentry","entry"],"_links":{"self":[{"href":"https:\/\/picassoleil-vtttheque.site\/index.php\/wp-json\/wp\/v2\/pages\/245"}],"collection":[{"href":"https:\/\/picassoleil-vtttheque.site\/index.php\/wp-json\/wp\/v2\/pages"}],"about":[{"href":"https:\/\/picassoleil-vtttheque.site\/index.php\/wp-json\/wp\/v2\/types\/page"}],"author":[{"embeddable":true,"href":"https:\/\/picassoleil-vtttheque.site\/index.php\/wp-json\/wp\/v2\/users\/1"}],"replies":[{"embeddable":true,"href":"https:\/\/picassoleil-vtttheque.site\/index.php\/wp-json\/wp\/v2\/comments?post=245"}],"version-history":[{"count":9,"href":"https:\/\/picassoleil-vtttheque.site\/index.php\/wp-json\/wp\/v2\/pages\/245\/revisions"}],"predecessor-version":[{"id":340,"href":"https:\/\/picassoleil-vtttheque.site\/index.php\/wp-json\/wp\/v2\/pages\/245\/revisions\/340"}],"wp:attachment":[{"href":"https:\/\/picassoleil-vtttheque.site\/index.php\/wp-json\/wp\/v2\/media?parent=245"}],"curies":[{"name":"wp","href":"https:\/\/api.w.org\/{rel}","templated":true}]}}