{"id":173,"date":"2024-04-30T18:56:02","date_gmt":"2024-04-30T16:56:02","guid":{"rendered":"https:\/\/picassoleil-vtttheque.site\/?page_id=173"},"modified":"2025-09-08T15:09:05","modified_gmt":"2025-09-08T13:09:05","slug":"etape-1","status":"publish","type":"page","link":"https:\/\/picassoleil-vtttheque.site\/index.php\/etape-1\/","title":{"rendered":"etape 1"},"content":{"rendered":"<div class=\"brz-root__container brz-reset-all brz\">{{ brizy_dc_global_blocks position=&rsquo;top&rsquo; }}<\/p>\n<section id=\"xJYT9QBkYVrm\" class=\"brz-section brz-css-cAmZB\">\n<div class=\"brz-section__content brz-section--boxed brz-css-iNI0O brz-css-xHqWp\" data-brz-custom-id=\"yljmQexEEFM9\">\n<div class=\"brz-bg\">\n<div class=\"brz-bg-color\"><\/div>\n<\/div>\n<div class=\"brz-container brz-css-hAPg4\">\n<div class=\"brz-row__container brz-css-pJifo brz-css-z0PhW\" data-brz-custom-id=\"odjY7LhiymWi\">\n<div class=\"brz-bg\"><\/div>\n<div class=\"brz-row brz-css-rECcf\">\n<div class=\"brz-columns brz-css-gpwJ6 brz-css-umWSO\" data-brz-custom-id=\"xQO0YGxC2XFw\">\n<div class=\"brz-bg\"><\/div>\n<div class=\"brz-column__items brz-css-nV9oy brz-css-jo55r\">\n<div id=\"\" class=\"brz-css-igcNy brz-css-o5FEN brz-wrapper\">\n<div class=\"brz-image brz-css-z_zkX\" data-brz-custom-id=\"kQ8SFoWI_Se_\"><a class=\"brz-a\" href=\"{{placeholder content='e3ticml6eV9kY19wZXJtYWxpbmsgcG9zdF9pZD0iNDcifX0='}}\" target=\"_self\" rel=\"noopener\" data-brz-link-type=\"page\"><picture class=\"brz-picture brz-d-block brz-p-relative brz-css-zpDIu\"><source srcset=\"https:\/\/picassoleil-vtttheque.site\/?brizy_media=wp-3a645c3041c6c4ae00f2efee84e77289.png&amp;brizy_crop=iW%3D173%26iH%3D173%26oX%3D0%26oY%3D6%26cW%3D173%26cH%3D161 1x, https:\/\/picassoleil-vtttheque.site\/?brizy_media=wp-3a645c3041c6c4ae00f2efee84e77289.png&amp;brizy_crop=iW%3D346%26iH%3D346%26oX%3D0%26oY%3D12%26cW%3D346%26cH%3D322 2x\" media=\"(min-width: 992px)\"><source srcset=\"https:\/\/picassoleil-vtttheque.site\/?brizy_media=wp-3a645c3041c6c4ae00f2efee84e77289.png&amp;brizy_crop=iW%3D107%26iH%3D107%26oX%3D0%26oY%3D4%26cW%3D107%26cH%3D99 1x, https:\/\/picassoleil-vtttheque.site\/?brizy_media=wp-3a645c3041c6c4ae00f2efee84e77289.png&amp;brizy_crop=iW%3D214%26iH%3D214%26oX%3D0%26oY%3D8%26cW%3D214%26cH%3D198 2x\" media=\"(min-width: 768px)\"><img decoding=\"async\" class=\"brz-img\" srcset=\"https:\/\/picassoleil-vtttheque.site\/?brizy_media=wp-3a645c3041c6c4ae00f2efee84e77289.png&amp;brizy_crop=iW%3D109%26iH%3D109%26oX%3D0%26oY%3D1%26cW%3D109%26cH%3D107 1x, https:\/\/picassoleil-vtttheque.site\/?brizy_media=wp-3a645c3041c6c4ae00f2efee84e77289.png&amp;brizy_crop=iW%3D218%26iH%3D218%26oX%3D0%26oY%3D2%26cW%3D218%26cH%3D214 2x\" src=\"https:\/\/picassoleil-vtttheque.site\/?brizy_media=wp-3a645c3041c6c4ae00f2efee84e77289.png&amp;brizy_crop=iW%3D173%26iH%3D173%26oX%3D0%26oY%3D6%26cW%3D173%26cH%3D161\" alt=\"{{placeholder content='e3sgYnJpenlfZGNfaW1hZ2VfYWx0IH19' imageSrc='wp-3a645c3041c6c4ae00f2efee84e77289.png'}}\" draggable=\"false\" loading=\"lazy\"><\/picture><\/a><\/div>\n<\/div>\n<\/div>\n<\/div>\n<div class=\"brz-columns brz-css-gpwJ6 brz-css-bzed5\" data-brz-custom-id=\"dssbVxICcyUp\">\n<div class=\"brz-bg\"><\/div>\n<div class=\"brz-column__items brz-css-nV9oy\">\n<div id=\"\" class=\"brz-css-igcNy brz-css-gohMQ brz-wrapper\">\n<div class=\"brz-menu-simple brz-css-aPFaJ brz-css-y89es\">\n<div class=\"brz-menu-simple__toggle brz-menu-simple__toggle--mobile\"><input type=\"checkbox\" class=\"brz-input\" id=\"brz-menu-simple__btn-cNJf5\"><label class=\"brz-menu-simple__icon\" for=\"brz-menu-simple__btn-cNJf5\"><span class=\"brz-menu-simple__icon--bars\"><\/span><\/label><\/p>\n<div style=\"min-height:20px\">{{placeholder content=&rsquo;e3sgZWRpdG9yX25hdmlnYXRpb24gfX0=&rsquo; menuId=&rsquo;menu-wordpress&rsquo;}}<\/div>\n<\/div>\n<\/div>\n<\/div>\n<\/div>\n<\/div>\n<\/div>\n<\/div>\n<div id=\"\" class=\"brz-css-igcNy brz-wrapper\">\n<div class=\"brz-wp-shortcode brz-css-byuxR\" data-brz-custom-id=\"hPKKYwuZspCQ\">\n<div>\r\n\r\n\r\n<div id=\"form-container\">\r\n        <h2 id=\"h2_form\">S\u00e9lectionnez vos dates<\/h2>\r\n        <form id=\"form-reservation-css\" method=\"post\" action=\"\">\r\n                <input type=\"hidden\" id=\"nonce_enregistrement\" name=\"nonce_enregistrement\" value=\"124701f09e\" \/><input type=\"hidden\" name=\"_wp_http_referer\" value=\"\/index.php\/wp-json\/wp\/v2\/pages\/173\" \/>                <label for=\"datepicker\">S\u00e9lectionnez le premier jour de location :<\/label>\r\n                <input type=\"text\" class=\"input_form\" id=\"datepicker-alle\" name=\"reservation_datealle\" autocomplete=\"off\" required>\r\n                <label>S\u00e9lectionnez l'horaire de prise des v\u00e9los :<\/label>\r\n                <select name=\"heure_recup_first\" id=\"heure_recup_first\" required>\r\n                    <option value=\"09:00\">d\u00e9but matin\u00e9e 9h00<\/option>\r\n                    <option value=\"12:00\">fin matin\u00e9e 12h00<\/option>\r\n                    <option value=\"13:00\">d\u00e9but apr\u00e8s-midi 13h00<\/option>\r\n                    <option value=\"18:00\">fin apr\u00e8s-midi 18h00<\/option>\r\n                <\/select>\r\n                <label for=\"datepicker\">S\u00e9lectionnez le dernier jour de location :<\/label>\r\n                <input type=\"text\" class=\"input_form\" id=\"datepicker-retour\" name=\"reservation_dateretour\" autocomplete=\"off\" required>\r\n                <label>S\u00e9lectionnez l'horaire de retour des v\u00e9los :<\/label>\r\n                <select name=\"heure_recup_last\" id=\"heure_recup_last\" required>\r\n                    <option value=\"09:00\">d\u00e9but matin\u00e9e 9h00<\/option>\r\n                    <option value=\"12:00\">fin matin\u00e9e 12h00<\/option>\r\n                    <option value=\"13:00\">d\u00e9but apr\u00e8s-midi 13h00<\/option>\r\n                    <option value=\"18:00\">fin apr\u00e8s-midi 18h00<\/option>\r\n                <\/select>\r\n                <input type=\"hidden\" name=\"etape\" value=\"2\">\r\n                <button type=\"button\" id=\"btn_form\" name=\"submit2\" onclick=\"verifierDates()\">Etape suivante<\/button>\r\n\r\n        \r\n        <\/form>\r\n<\/div>\r\n<script>\r\nfunction verifierDates() {\r\n    var dateDepart = document.getElementById('datepicker-alle').value;\r\n    var dateRetour = document.getElementById('datepicker-retour').value;\r\n    \r\n    var heureDepart = document.getElementById('heure_recup_first').value;\r\n    var heureRetour = document.getElementById('heure_recup_last').value;\r\n\r\n    var dateDepartbonne = date_bonne(dateDepart);\r\n    var dateRetourbonne = date_bonne(dateRetour);\r\n    \r\n    \/\/ Convertir les valeurs de date en objets Date\r\n    var dateDepartObj = new Date(dateDepartbonne);\r\n    var dateRetourObj = new Date(dateRetourbonne);\r\n\r\n    \r\n    \/\/ R\u00e9initialiser les parties de temps \u00e0 z\u00e9ro\r\n    dateDepartObj.setHours(0, 0, 0, 0);\r\n    dateRetourObj.setHours(0, 0, 0, 0);\r\n\r\n    \/\/ Mettre \u00e0 jour les parties de temps avec les valeurs d'heure de d\u00e9part et d'heure de retour\r\n    dateDepartObj.setHours(parseInt(heureDepart.split(':')[0]), parseInt(heureDepart.split(':')[1]), 0, 0);\r\n    dateRetourObj.setHours(parseInt(heureRetour.split(':')[0]), parseInt(heureRetour.split(':')[1]), 0, 0);\r\n\r\n    \/\/ Obtenir la date actuelle en JavaScript\r\n    var dateActuelle = new Date();\r\n\r\n\r\n    \/\/ Ajouter un jour \u00e0 la date actuelle\r\n    dateActuelle.setDate(dateActuelle.getDate());\r\n    console.log(dateDepartObj); \r\n    console.log(dateRetourObj);\r\n    console.log(dateActuelle); \r\n    \r\n\r\n    \/\/ V\u00e9rifier si la date de retour est sup\u00e9rieure ou \u00e9gale \u00e0 la date d'aller\r\n    if (dateRetourObj < dateDepartObj) {\r\n        \/\/ Afficher une alerte ou une popup\r\n        alert(\"La date de retour doit \u00eatre sup\u00e9rieure ou \u00e9gale \u00e0 la date d'aller\");\r\n    } \r\n    \/\/ V\u00e9rifier si la date du premier jour de location est sup\u00e9rieure ou \u00e9gale \u00e0 la date actuelle\r\n    else if (dateActuelle > dateDepartObj) {\r\n        alert(\"La date du premier jour de location doit \u00eatre sup\u00e9rieure \u00e0 la date d'aujourd'hui\");\r\n    } \r\n    else {\r\n        \/\/ Soumettre le formulaire si les dates sont valides\r\n        console.log(\"c'est bon\");\r\n        document.getElementById('form-reservation-css').submit();\r\n    }\r\n}\r\n\r\n\r\n\r\nfunction date_bonne(date) {\r\n    \/\/ D\u00e9finir un tableau de traduction des mois en fran\u00e7ais\r\n    var mois_fr = [\r\n        'janvier', 'f\u00e9vrier', 'mars', 'avril', 'mai', 'juin',\r\n        'juillet', 'ao\u00fbt', 'septembre', 'octobre', 'novembre', 'd\u00e9cembre'\r\n    ];\r\n\r\n    \/\/ Convertir le mois en fran\u00e7ais en format num\u00e9rique\r\n    mois_fr.forEach(function (mois, index) {\r\n        date = date.replace(new RegExp(mois, 'g'), index);\r\n    });\r\n\r\n    \/\/ S\u00e9parer les \u00e9l\u00e9ments de la date\r\n    var elements_date = date.split(' ');\r\n\r\n    \/\/ Cr\u00e9er l'objet Date\r\n    var datebonne = new Date(elements_date[2], elements_date[1], elements_date[0]);\r\n\r\n    \/\/ V\u00e9rifier si la cr\u00e9ation de l'objet Date a r\u00e9ussi\r\n    if (isNaN(datebonne.getTime())) {\r\n        return false; \/\/ Retourner false en cas d'\u00e9chec\r\n    }\r\n    \/\/console.log(datebonne); \r\n    \/\/ Formater la date en format 'YYYY-MM-DD'\r\n    \/\/datebonne = datebonne.toISOString().split('T')[0];\r\n\r\n    return datebonne;\r\n}\r\n\r\n<\/script><\/div>\n<\/div>\n<\/div>\n<div id=\"\" class=\"brz-css-igcNy brz-css-hiLuN brz-wrapper\">\n<div class=\"brz-spacer brz-css-rDCqr\"><\/div>\n<\/div>\n<div id=\"\" class=\"brz-css-igcNy brz-css-hiLuN brz-wrapper\">\n<div class=\"brz-spacer brz-css-rDCqr\"><\/div>\n<\/div>\n<div class=\"brz-row__container brz-css-pJifo\" data-brz-custom-id=\"uUZKIcpHsRWL\">\n<div class=\"brz-bg\"><\/div>\n<div class=\"brz-row brz-css-rECcf brz-css-jxOqK\">\n<div class=\"brz-columns brz-css-gpwJ6\" data-brz-custom-id=\"ojEFkWkmh7kb\">\n<div class=\"brz-bg\"><\/div>\n<div class=\"brz-column__items brz-css-nV9oy\">\n<div class=\"brz-row__container brz-css-pJifo\" data-brz-custom-id=\"cbeTtPh_wwi6\">\n<div class=\"brz-bg\"><\/div>\n<div class=\"brz-row brz-row--inner brz-css-rECcf brz-css-jxOqK\">\n<div class=\"brz-columns brz-css-gpwJ6\" data-brz-custom-id=\"cbKtnly8WmCJ\">\n<div class=\"brz-bg\"><\/div>\n<div class=\"brz-column__items brz-css-nV9oy\">\n<div id=\"\" class=\"brz-css-igcNy brz-wrapper\">\n<div class=\"brz-rich-text brz-rich-text__custom brz-css-f86HR\" data-brz-custom-id=\"t_CEnEgfQZK3\">\n<div data-brz-translate-text=\"1\">\n<p class=\"brz-tp-lg-paragraph brz-css-eDn6d\" data-generated-css=\"brz-css-jeXqz\" data-uniq-id=\"xokvL\"><\/p>\n<p class=\"brz-fss-lg-px brz-fw-lg-300 brz-ls-lg-0 brz-lh-lg-1_7 brz-ff-poppins brz-ft-google brz-fs-lg-18 brz-tp-lg-empty brz-css-ag4wj\" data-generated-css=\"brz-css-dL0vw\" data-uniq-id=\"oaeOx\"><strong class=\"brz-cp-color4\" style=\"color: rgba(var(--brz-global-color4),1);\"><u>Pages<\/u><\/strong><\/p>\n<p class=\"brz-lh-lg-1_7 brz-ls-lg-0 brz-fw-lg-300 brz-fss-lg-px brz-fs-lg-16 brz-ft-google brz-ff-poppins brz-tp-lg-empty brz-css-iaQd6\" data-generated-css=\"brz-css-ad7Xs\" data-uniq-id=\"v8H54\"><a class=\"link--page brz-cp-color2\" style=\"color: rgba(var(--brz-global-color2),1);\" href=\"{{placeholder content='e3ticml6eV9kY19wZXJtYWxpbmsgcG9zdF9pZD0iNDcifX0='}}\" data-brz-link-type=\"page\">Accueil <\/a><\/p>\n<p class=\"brz-lh-lg-1_7 brz-ls-lg-0 brz-fw-lg-300 brz-fss-lg-px brz-fs-lg-16 brz-ft-google brz-ff-poppins brz-tp-lg-empty brz-css-dJQTy\" data-generated-css=\"brz-css-mHFpT\" data-uniq-id=\"kKa8C\"><a class=\"brz-cp-color2 link--page\" style=\"background-color: rgb(255, 255, 255); color: rgba(var(--brz-global-color2),1);\" href=\"{{placeholder content='e3ticml6eV9kY19wZXJtYWxpbmsgcG9zdF9pZD0iMTczIn19'}}\" data-brz-link-type=\"page\">R\u00e9servation <\/a><a class=\"brz-cp-color2 link--page\" style=\"color: rgba(var(--brz-global-color2),1);\" href=\"{{placeholder content='e3ticml6eV9kY19wZXJtYWxpbmsgcG9zdF9pZD0iMTczIn19'}}\" data-brz-link-type=\"page\"> <\/a><\/p>\n<p class=\"brz-lh-lg-1_7 brz-ls-lg-0 brz-fw-lg-300 brz-fss-lg-px brz-fs-lg-16 brz-ft-google brz-ff-poppins brz-tp-lg-empty brz-css-lnj3t\" data-generated-css=\"brz-css-aAewq\" data-uniq-id=\"g06Q7\"><a class=\"link--page brz-cp-color2\" style=\"color: rgba(var(--brz-global-color2),1);\" href=\"{{placeholder content='e3ticml6eV9kY19wZXJtYWxpbmsgcG9zdF9pZD0iMTM3In19'}}\" data-brz-link-type=\"page\">Nous contacter<\/a><\/p>\n<p class=\"brz-tp-lg-empty brz-ff-poppins brz-ft-google brz-fs-lg-16 brz-fss-lg-px brz-fw-lg-400 brz-ls-lg-0 brz-lh-lg-1_9 brz-vfw-lg-400 brz-fwdth-lg-100 brz-fsft-lg-0 brz-css-nw7y2\" data-generated-css=\"brz-css-f9Z1j\" data-uniq-id=\"t3buu\"><\/p>\n<\/div>\n<\/div>\n<\/div>\n<\/div>\n<\/div>\n<div class=\"brz-columns brz-css-gpwJ6\" data-brz-custom-id=\"s5_3QSQTEDjZ\">\n<div class=\"brz-bg\"><\/div>\n<div class=\"brz-column__items brz-css-nV9oy\">\n<div id=\"\" class=\"brz-css-igcNy brz-wrapper\">\n<div class=\"brz-rich-text brz-rich-text__custom brz-css-f86HR\" data-brz-custom-id=\"fDl1qDXEmDRf\">\n<div data-brz-translate-text=\"1\">\n<p class=\"brz-tp-lg-paragraph brz-css-bWGFK\" data-generated-css=\"brz-css-noK2d\" data-uniq-id=\"tLGJa\"><\/p>\n<p class=\"brz-fss-lg-px brz-fw-lg-300 brz-ls-lg-0 brz-lh-lg-1_7 brz-ff-poppins brz-ft-google brz-fs-lg-18 brz-tp-lg-empty brz-css-b0uUx\" data-generated-css=\"brz-css-kOOss\" data-uniq-id=\"y7XFn\"><strong class=\"brz-cp-color4\" style=\"color: rgba(var(--brz-global-color4),1);\"><u>Pages l\u00e9gales <\/u><\/strong><\/p>\n<p class=\"brz-lh-lg-1_7 brz-ls-lg-0 brz-fw-lg-300 brz-fss-lg-px brz-fs-lg-16 brz-ft-google brz-ff-poppins brz-tp-lg-empty brz-css-i7SFi\" data-generated-css=\"brz-css-vsuae\" data-uniq-id=\"fOu1O\"><a class=\"link--page brz-cp-color2\" style=\"color: rgba(var(--brz-global-color2),1);\" href=\"{{placeholder content='e3ticml6eV9kY19wZXJtYWxpbmsgcG9zdF9pZD0iMjQ1In19'}}\" data-brz-link-type=\"page\">Mentions l\u00e9gales <\/a><\/p>\n<p class=\"brz-lh-lg-1_7 brz-ls-lg-0 brz-fw-lg-300 brz-fss-lg-px brz-fs-lg-16 brz-ft-google brz-ff-poppins brz-tp-lg-empty brz-css-sX6kv\" data-generated-css=\"brz-css-k_QzF\" data-uniq-id=\"vnSJc\"><a class=\"link--page brz-cp-color2\" style=\"color: rgba(var(--brz-global-color2),1);\" href=\"{{placeholder content='e3ticml6eV9kY19wZXJtYWxpbmsgcG9zdF9pZD0iODUifX0='}}\" data-brz-link-type=\"page\">Politique de confidentialit\u00e9<\/a><\/p>\n<p class=\"brz-tp-lg-empty brz-ff-poppins brz-ft-google brz-fs-lg-16 brz-fss-lg-px brz-fw-lg-400 brz-ls-lg-0 brz-lh-lg-1_9 brz-vfw-lg-400 brz-fwdth-lg-100 brz-fsft-lg-0 brz-css-bTN0T\" data-generated-css=\"brz-css-sE5bJ\" data-uniq-id=\"mnTxd\"><\/p>\n<\/div>\n<\/div>\n<\/div>\n<\/div>\n<\/div>\n<\/div>\n<\/div>\n<\/div>\n<\/div>\n<div class=\"brz-columns brz-css-gpwJ6\" data-brz-custom-id=\"wZSQujrrewia\">\n<div class=\"brz-bg\"><\/div>\n<div class=\"brz-column__items brz-css-nV9oy\">\n<div class=\"brz-row__container brz-css-pJifo\" data-brz-custom-id=\"v3IwHYcyhocc\">\n<div class=\"brz-bg\"><\/div>\n<div class=\"brz-row brz-row--inner brz-css-rECcf brz-css-jxOqK\">\n<div class=\"brz-columns brz-css-gpwJ6\" data-brz-custom-id=\"cHO1FZx1F8je\">\n<div class=\"brz-bg\"><\/div>\n<div class=\"brz-column__items brz-css-nV9oy\">\n<div id=\"\" class=\"brz-css-igcNy brz-wrapper\">\n<div class=\"brz-rich-text brz-rich-text__custom brz-css-f86HR\" data-brz-custom-id=\"muv8DZGWVgnO\">\n<div data-brz-translate-text=\"1\">\n<p class=\"brz-tp-lg-paragraph brz-css-whOdx\" data-uniq-id=\"nRRKL\" data-generated-css=\"brz-css-oK0ap\"><\/p>\n<p class=\"brz-lh-lg-1_7 brz-fw-lg-300 brz-fs-lg-18 brz-ls-lg-0 brz-fss-lg-px brz-ft-google brz-ff-poppins brz-tp-lg-empty brz-css-b0GuD\" data-uniq-id=\"l3fRc\" data-generated-css=\"brz-css-sT1d5\"><strong style=\"color: rgba(var(--brz-global-color4),1);\" class=\"brz-cp-color4\"><u>Nous contacter<\/u><\/strong><\/p>\n<\/div>\n<\/div>\n<\/div>\n<div class=\"brz-wrapper-clone brz-css-r8I65\">\n<div class=\"brz-d-xs-flex brz-flex-xs-wrap brz-css-b84ps brz-css-cDCfU\" data-brz-custom-id=\"\">\n<div class=\"brz-wrapper-clone__item\" id=\"hQqhNfDgpPbE\">\n<div class=\"brz-icon__container\" data-brz-custom-id=\"hQqhNfDgpPbE\"><a class=\"brz-a\" href=\"mailto:cdragoni@epdsae.fr\" target=\"_self\" rel=\"noopener\" data-brz-link-type=\"external\"><span class=\"brz-icon brz-span brz-css-pkrXg brz-css-urvIj\"><svg class=\"brz-icon-svg align-[initial]\"><use href=\"\/wp-content\/plugins\/brizy\/public\/editor-build\/prod\/editor\/icons\/fa\/envelope.svg#fa_icon\"><\/use><\/svg><\/span><\/a><\/div>\n<\/div>\n<\/div>\n<\/div>\n<\/div>\n<\/div>\n<div class=\"brz-columns brz-css-gpwJ6\" data-brz-custom-id=\"lhkTMNmcOuEL\">\n<div class=\"brz-bg\"><\/div>\n<div class=\"brz-column__items brz-css-nV9oy\"><\/div>\n<\/div>\n<\/div>\n<\/div>\n<\/div>\n<\/div>\n<\/div>\n<\/div>\n<\/div>\n<\/div>\n<\/section>\n<p>{{ brizy_dc_global_blocks position=&rsquo;bottom&rsquo; }}<\/p><\/div>\n<p>    <!-- version:1757336945 --><\/p>\n","protected":false},"excerpt":{"rendered":"<p>{{ brizy_dc_global_blocks position=&rsquo;top&rsquo; }} {{placeholder content=&rsquo;e3sgZWRpdG9yX25hdmlnYXRpb24gfX0=&rsquo; menuId=&rsquo;menu-wordpress&rsquo;}} Pages Accueil R\u00e9servation Nous contacter Pages l\u00e9gales Mentions l\u00e9gales Politique de confidentialit\u00e9 Nous contacter {{ brizy_dc_global_blocks position=&rsquo;bottom&rsquo; }}<\/p>\n","protected":false},"author":1,"featured_media":0,"parent":0,"menu_order":0,"comment_status":"closed","ping_status":"closed","template":"brizy-blank-template.php","meta":{"footnotes":""},"class_list":["post-173","page","type-page","status-publish","hentry","entry"],"_links":{"self":[{"href":"https:\/\/picassoleil-vtttheque.site\/index.php\/wp-json\/wp\/v2\/pages\/173"}],"collection":[{"href":"https:\/\/picassoleil-vtttheque.site\/index.php\/wp-json\/wp\/v2\/pages"}],"about":[{"href":"https:\/\/picassoleil-vtttheque.site\/index.php\/wp-json\/wp\/v2\/types\/page"}],"author":[{"embeddable":true,"href":"https:\/\/picassoleil-vtttheque.site\/index.php\/wp-json\/wp\/v2\/users\/1"}],"replies":[{"embeddable":true,"href":"https:\/\/picassoleil-vtttheque.site\/index.php\/wp-json\/wp\/v2\/comments?post=173"}],"version-history":[{"count":8,"href":"https:\/\/picassoleil-vtttheque.site\/index.php\/wp-json\/wp\/v2\/pages\/173\/revisions"}],"predecessor-version":[{"id":329,"href":"https:\/\/picassoleil-vtttheque.site\/index.php\/wp-json\/wp\/v2\/pages\/173\/revisions\/329"}],"wp:attachment":[{"href":"https:\/\/picassoleil-vtttheque.site\/index.php\/wp-json\/wp\/v2\/media?parent=173"}],"curies":[{"name":"wp","href":"https:\/\/api.w.org\/{rel}","templated":true}]}}