{"id":137,"date":"2024-04-29T20:59:13","date_gmt":"2024-04-29T18:59:13","guid":{"rendered":"https:\/\/picassoleil-vtttheque.site\/?page_id=137"},"modified":"2025-09-08T15:12:34","modified_gmt":"2025-09-08T13:12:34","slug":"contact","status":"publish","type":"page","link":"https:\/\/picassoleil-vtttheque.site\/index.php\/contact\/","title":{"rendered":"Contact"},"content":{"rendered":"<div class=\"brz-root__container brz-reset-all brz\">{{ brizy_dc_global_blocks position=&rsquo;top&rsquo; }}<\/p>\n<section id=\"xKcgf77jI3CX\" class=\"brz-section brz-css-uDPBY\">\n<div class=\"brz-section__content brz-section--boxed brz-css-u6jvq brz-css-gt9Wu\" data-brz-custom-id=\"dYryBbbDqdF1\">\n<div class=\"brz-bg\">\n<div class=\"brz-bg-color\"><\/div>\n<\/div>\n<div class=\"brz-container brz-css-rzYBe\">\n<div class=\"brz-row__container brz-css-eKbNP brz-css-cS9JD\" data-brz-custom-id=\"bJbmBQQDSOPv\">\n<div class=\"brz-bg\"><\/div>\n<div class=\"brz-row brz-css-gLwzw\">\n<div class=\"brz-columns brz-css-cEj0F brz-css-mUg34\" data-brz-custom-id=\"tY8wdFUlNLDd\">\n<div class=\"brz-bg\"><\/div>\n<div class=\"brz-column__items brz-css-eCJZD brz-css-ivNvS\">\n<div id=\"\" class=\"brz-css-sI7XQ brz-css-lOmMs brz-wrapper\">\n<div class=\"brz-image brz-css-hcSoT\" data-brz-custom-id=\"on5T3uAVk1Zm\"><a class=\"brz-a\" href=\"{{placeholder content='e3ticml6eV9kY19wZXJtYWxpbmsgcG9zdF9pZD0iNDcifX0='}}\" target=\"_self\" rel=\"noopener\" data-brz-link-type=\"page\"><picture class=\"brz-picture brz-d-block brz-p-relative brz-css-weiij\"><source srcset=\"https:\/\/picassoleil-vtttheque.site\/?brizy_media=wp-3a645c3041c6c4ae00f2efee84e77289.png&amp;brizy_crop=iW%3D173%26iH%3D173%26oX%3D0%26oY%3D6%26cW%3D173%26cH%3D161 1x, https:\/\/picassoleil-vtttheque.site\/?brizy_media=wp-3a645c3041c6c4ae00f2efee84e77289.png&amp;brizy_crop=iW%3D346%26iH%3D346%26oX%3D0%26oY%3D12%26cW%3D346%26cH%3D322 2x\" media=\"(min-width: 992px)\"><source srcset=\"https:\/\/picassoleil-vtttheque.site\/?brizy_media=wp-3a645c3041c6c4ae00f2efee84e77289.png&amp;brizy_crop=iW%3D107%26iH%3D107%26oX%3D0%26oY%3D4%26cW%3D107%26cH%3D99 1x, https:\/\/picassoleil-vtttheque.site\/?brizy_media=wp-3a645c3041c6c4ae00f2efee84e77289.png&amp;brizy_crop=iW%3D214%26iH%3D214%26oX%3D0%26oY%3D8%26cW%3D214%26cH%3D198 2x\" media=\"(min-width: 768px)\"><img decoding=\"async\" class=\"brz-img\" srcset=\"https:\/\/picassoleil-vtttheque.site\/?brizy_media=wp-3a645c3041c6c4ae00f2efee84e77289.png&amp;brizy_crop=iW%3D109%26iH%3D109%26oX%3D0%26oY%3D1%26cW%3D109%26cH%3D107 1x, https:\/\/picassoleil-vtttheque.site\/?brizy_media=wp-3a645c3041c6c4ae00f2efee84e77289.png&amp;brizy_crop=iW%3D218%26iH%3D218%26oX%3D0%26oY%3D2%26cW%3D218%26cH%3D214 2x\" src=\"https:\/\/picassoleil-vtttheque.site\/?brizy_media=wp-3a645c3041c6c4ae00f2efee84e77289.png&amp;brizy_crop=iW%3D173%26iH%3D173%26oX%3D0%26oY%3D6%26cW%3D173%26cH%3D161\" alt=\"{{placeholder content='e3sgYnJpenlfZGNfaW1hZ2VfYWx0IH19' imageSrc='wp-3a645c3041c6c4ae00f2efee84e77289.png'}}\" draggable=\"false\" loading=\"lazy\"><\/picture><\/a><\/div>\n<\/div>\n<\/div>\n<\/div>\n<div class=\"brz-columns brz-css-cEj0F brz-css-mp5ia\" data-brz-custom-id=\"zMWAqrZMFcBI\">\n<div class=\"brz-bg\"><\/div>\n<div class=\"brz-column__items brz-css-eCJZD\">\n<div id=\"\" class=\"brz-css-sI7XQ brz-css-k1SqP brz-wrapper\">\n<div class=\"brz-menu-simple brz-css-geZJT brz-css-oFjqG\">\n<div class=\"brz-menu-simple__toggle brz-menu-simple__toggle--mobile\"><input type=\"checkbox\" class=\"brz-input\" id=\"brz-menu-simple__btn-lIIlb\"><label class=\"brz-menu-simple__icon\" for=\"brz-menu-simple__btn-lIIlb\"><span class=\"brz-menu-simple__icon--bars\"><\/span><\/label><\/p>\n<div style=\"min-height:20px\">{{placeholder content=&rsquo;e3sgZWRpdG9yX25hdmlnYXRpb24gfX0=&rsquo; menuId=&rsquo;menu-wordpress&rsquo;}}<\/div>\n<\/div>\n<\/div>\n<\/div>\n<\/div>\n<\/div>\n<\/div>\n<\/div>\n<div id=\"\" class=\"brz-css-sI7XQ brz-wrapper\">\n<div class=\"brz-wp-shortcode brz-css-lBJCE\" data-brz-custom-id=\"t6Y83tfYgLCp\">\n<div><div class=\"wpforms-container wpforms-container-full wpforms-render-modern\" id=\"wpforms-139\"><form id=\"wpforms-form-139\" class=\"wpforms-validate wpforms-form wpforms-ajax-form\" data-formid=\"139\" method=\"post\" enctype=\"multipart\/form-data\" action=\"\/index.php\/wp-json\/wp\/v2\/pages\/137\" data-token=\"8fa664d62b3c8c2a263cee01eef9fef4\" data-token-time=\"1777673815\"><noscript class=\"wpforms-error-noscript\">Veuillez activer JavaScript dans votre navigateur pour remplir ce formulaire.<\/noscript><div class=\"wpforms-hidden\" id=\"wpforms-error-noscript\">Veuillez activer JavaScript dans votre navigateur pour remplir ce formulaire.<\/div><div class=\"wpforms-field-container\"><div id=\"wpforms-139-field_0-container\" class=\"wpforms-field wpforms-field-name\" data-field-id=\"0\"><fieldset><legend class=\"wpforms-field-label\">Informations <span class=\"wpforms-required-label\" aria-hidden=\"true\">*<\/span><\/legend><div class=\"wpforms-field-row wpforms-field-medium\"><div class=\"wpforms-field-row-block wpforms-first wpforms-one-half\"><input type=\"text\" id=\"wpforms-139-field_0\" class=\"wpforms-field-name-first wpforms-field-required\" name=\"wpforms[fields][0][first]\" aria-errormessage=\"wpforms-139-field_0-error\" required><label for=\"wpforms-139-field_0\" class=\"wpforms-field-sublabel after\">Pr\u00e9nom<\/label><\/div><div class=\"wpforms-field-row-block wpforms-one-half\"><input type=\"text\" id=\"wpforms-139-field_0-last\" class=\"wpforms-field-name-last wpforms-field-required\" name=\"wpforms[fields][0][last]\" aria-errormessage=\"wpforms-139-field_0-last-error\" required><label for=\"wpforms-139-field_0-last\" class=\"wpforms-field-sublabel after\">Nom<\/label><\/div><\/div><\/fieldset><\/div><div id=\"wpforms-139-field_1-container\" class=\"wpforms-field wpforms-field-email\" data-field-id=\"1\"><label class=\"wpforms-field-label\" for=\"wpforms-139-field_1\">E-mail <span class=\"wpforms-required-label\" aria-hidden=\"true\">*<\/span><\/label><input type=\"email\" id=\"wpforms-139-field_1\" class=\"wpforms-field-medium wpforms-field-required\" name=\"wpforms[fields][1]\" spellcheck=\"false\" aria-errormessage=\"wpforms-139-field_1-error\" required><\/div><div id=\"wpforms-139-field_2-container\" class=\"wpforms-field wpforms-field-textarea\" data-field-id=\"2\"><label class=\"wpforms-field-label\" for=\"wpforms-139-field_2\">Commentaire ou message<\/label><textarea id=\"wpforms-139-field_2\" class=\"wpforms-field-medium\" name=\"wpforms[fields][2]\" aria-errormessage=\"wpforms-139-field_2-error\" ><\/textarea><\/div><\/div><!-- .wpforms-field-container --><div class=\"wpforms-recaptcha-container wpforms-is-recaptcha wpforms-is-recaptcha-type-v2\" ><div class=\"g-recaptcha\" data-sitekey=\"6LdAsDYqAAAAABkm0KPAbbcSDekC-Oa0i5Ah48qN\"><\/div><input type=\"text\" name=\"g-recaptcha-hidden\" class=\"wpforms-recaptcha-hidden\" style=\"position:absolute!important;clip:rect(0,0,0,0)!important;height:1px!important;width:1px!important;border:0!important;overflow:hidden!important;padding:0!important;margin:0!important;\" data-rule-recaptcha=\"1\"><\/div><div class=\"wpforms-submit-container\" ><input type=\"hidden\" name=\"wpforms[id]\" value=\"139\"><input type=\"hidden\" name=\"page_title\" value=\"\"><input type=\"hidden\" name=\"page_url\" value=\"https:\/\/picassoleil-vtttheque.site\/index.php\/wp-json\/wp\/v2\/pages\/137\"><button type=\"submit\" name=\"wpforms[submit]\" id=\"wpforms-submit-139\" class=\"wpforms-submit\" data-alt-text=\"Envoi...\" data-submit-text=\"Envoyer\" aria-live=\"assertive\" value=\"wpforms-submit\">Envoyer<\/button><img loading=\"lazy\" decoding=\"async\" src=\"https:\/\/picassoleil-vtttheque.site\/wp-content\/plugins\/wpforms-lite\/assets\/images\/submit-spin.svg\" class=\"wpforms-submit-spinner\" style=\"display: none;\" width=\"26\" height=\"26\" alt=\"Chargement en cours\"><\/div><\/form><\/div>  <!-- .wpforms-container --><\/div>\n<\/div>\n<\/div>\n<div id=\"\" class=\"brz-css-sI7XQ brz-css-ytcVu brz-wrapper\">\n<div class=\"brz-spacer brz-css-b02mQ\"><\/div>\n<\/div>\n<div id=\"\" class=\"brz-css-sI7XQ brz-css-ytcVu brz-wrapper\">\n<div class=\"brz-spacer brz-css-b02mQ\"><\/div>\n<\/div>\n<div class=\"brz-row__container brz-css-eKbNP\" data-brz-custom-id=\"tUh8rnalKkXL\">\n<div class=\"brz-bg\"><\/div>\n<div class=\"brz-row brz-css-gLwzw brz-css-dD1sv\">\n<div class=\"brz-columns brz-css-cEj0F\" data-brz-custom-id=\"b_JHt_EyJHjP\">\n<div class=\"brz-bg\"><\/div>\n<div class=\"brz-column__items brz-css-eCJZD\">\n<div class=\"brz-row__container brz-css-eKbNP\" data-brz-custom-id=\"dyPLuYsyhbZZ\">\n<div class=\"brz-bg\"><\/div>\n<div class=\"brz-row brz-row--inner brz-css-gLwzw brz-css-dD1sv\">\n<div class=\"brz-columns brz-css-cEj0F\" data-brz-custom-id=\"k2PODQLeiO8V\">\n<div class=\"brz-bg\"><\/div>\n<div class=\"brz-column__items brz-css-eCJZD\">\n<div id=\"\" class=\"brz-css-sI7XQ brz-wrapper\">\n<div class=\"brz-rich-text brz-rich-text__custom brz-css-zczpg\" data-brz-custom-id=\"uFAGSh83cFEm\">\n<div data-brz-translate-text=\"1\">\n<p class=\"brz-tp-lg-paragraph brz-css-uhYWB\" data-uniq-id=\"akI58\" data-generated-css=\"brz-css-qP0hR\"><\/p>\n<p class=\"brz-tp-lg-empty brz-fs-lg-18 brz-ft-google brz-ff-poppins brz-lh-lg-1_7 brz-ls-lg-0 brz-fw-lg-300 brz-fss-lg-px brz-css-xGrJe\" data-uniq-id=\"y3xF4\" data-generated-css=\"brz-css-bS6Ti\"><strong class=\"brz-cp-color4\" style=\"color: rgba(var(--brz-global-color4),1);\"><u>Pages<\/u><\/strong><\/p>\n<p class=\"brz-tp-lg-empty brz-ff-poppins brz-ft-google brz-fs-lg-16 brz-fss-lg-px brz-fw-lg-300 brz-ls-lg-0 brz-lh-lg-1_7 brz-css-lVv56\" data-uniq-id=\"e1I9p\" data-generated-css=\"brz-css-qtTay\"><a class=\"link--page brz-cp-color2\" style=\"color: rgba(var(--brz-global-color2),1);\" href=\"{{placeholder content='e3ticml6eV9kY19wZXJtYWxpbmsgcG9zdF9pZD0iNDcifX0='}}\" data-brz-link-type=\"page\">Accueil <\/a><\/p>\n<p class=\"brz-tp-lg-empty brz-ff-poppins brz-ft-google brz-fs-lg-16 brz-fss-lg-px brz-fw-lg-300 brz-ls-lg-0 brz-lh-lg-1_7 brz-css-l9BD6\" data-uniq-id=\"hpm3t\" data-generated-css=\"brz-css-wwuZ9\"><a class=\"brz-cp-color2 link--page\" style=\"color: rgba(var(--brz-global-color2),1);\" href=\"{{placeholder content='e3ticml6eV9kY19wZXJtYWxpbmsgcG9zdF9pZD0iMTczIn19'}}\" data-brz-link-type=\"page\">R\u00e9servation <\/a><\/p>\n<p class=\"brz-tp-lg-empty brz-ff-poppins brz-ft-google brz-fs-lg-16 brz-fss-lg-px brz-fw-lg-300 brz-ls-lg-0 brz-lh-lg-1_7 brz-css-h3xOG\" data-uniq-id=\"tYHDq\" data-generated-css=\"brz-css-jdbRU\"><a class=\"link--page brz-cp-color2\" style=\"color: rgba(var(--brz-global-color2),1);\" href=\"{{placeholder content='e3ticml6eV9kY19wZXJtYWxpbmsgcG9zdF9pZD0iMTM3In19'}}\" data-brz-link-type=\"page\">Nous contacter<\/a><\/p>\n<p class=\"brz-fsft-lg-0 brz-fwdth-lg-100 brz-vfw-lg-400 brz-lh-lg-1_9 brz-ls-lg-0 brz-fw-lg-400 brz-fss-lg-px brz-fs-lg-16 brz-ft-google brz-ff-poppins brz-tp-lg-empty brz-css-qIoIy\" data-uniq-id=\"r4B4t\" data-generated-css=\"brz-css-f8uRH\"><\/p>\n<\/div>\n<\/div>\n<\/div>\n<\/div>\n<\/div>\n<div class=\"brz-columns brz-css-cEj0F\" data-brz-custom-id=\"nvg2rJUjlupT\">\n<div class=\"brz-bg\"><\/div>\n<div class=\"brz-column__items brz-css-eCJZD\">\n<div id=\"\" class=\"brz-css-sI7XQ brz-wrapper\">\n<div class=\"brz-rich-text brz-rich-text__custom brz-css-zczpg\" data-brz-custom-id=\"ujSd2vmZ2gAJ\">\n<div data-brz-translate-text=\"1\">\n<p class=\"brz-tp-lg-paragraph brz-css-ssFkD\" data-uniq-id=\"u662g\" data-generated-css=\"brz-css-aMAh0\"><\/p>\n<p class=\"brz-tp-lg-empty brz-fs-lg-18 brz-ft-google brz-ff-poppins brz-lh-lg-1_7 brz-ls-lg-0 brz-fw-lg-300 brz-fss-lg-px brz-css-rWI2x\" data-uniq-id=\"lJdQr\" data-generated-css=\"brz-css-xDNpy\"><strong class=\"brz-cp-color4\" style=\"color: rgba(var(--brz-global-color4),1);\"><u>Pages l\u00e9gales <\/u><\/strong><\/p>\n<p class=\"brz-tp-lg-empty brz-ff-poppins brz-ft-google brz-fs-lg-16 brz-fss-lg-px brz-fw-lg-300 brz-ls-lg-0 brz-lh-lg-1_7 brz-css-uKxVE\" data-uniq-id=\"uFUw1\" data-generated-css=\"brz-css-ihRCW\"><a class=\"link--page brz-cp-color2\" style=\"color: rgba(var(--brz-global-color2),1);\" href=\"{{placeholder content='e3ticml6eV9kY19wZXJtYWxpbmsgcG9zdF9pZD0iMjQ1In19'}}\" data-brz-link-type=\"page\">Mentions l\u00e9gales <\/a><\/p>\n<p class=\"brz-tp-lg-empty brz-ff-poppins brz-ft-google brz-fs-lg-16 brz-fss-lg-px brz-fw-lg-300 brz-ls-lg-0 brz-lh-lg-1_7 brz-css-rgkE0\" data-uniq-id=\"rzIJY\" data-generated-css=\"brz-css-jDLVC\"><a class=\"link--page brz-cp-color2\" style=\"color: rgba(var(--brz-global-color2),1);\" href=\"{{placeholder content='e3ticml6eV9kY19wZXJtYWxpbmsgcG9zdF9pZD0iODUifX0='}}\" data-brz-link-type=\"page\">Politique de confidentialit\u00e9<\/a><\/p>\n<p class=\"brz-fsft-lg-0 brz-fwdth-lg-100 brz-vfw-lg-400 brz-lh-lg-1_9 brz-ls-lg-0 brz-fw-lg-400 brz-fss-lg-px brz-fs-lg-16 brz-ft-google brz-ff-poppins brz-tp-lg-empty brz-css-a29xI\" data-uniq-id=\"dcRq5\" data-generated-css=\"brz-css-sImIb\"><\/p>\n<\/div>\n<\/div>\n<\/div>\n<\/div>\n<\/div>\n<\/div>\n<\/div>\n<\/div>\n<\/div>\n<div class=\"brz-columns brz-css-cEj0F\" data-brz-custom-id=\"e0PB5_ZoAdAG\">\n<div class=\"brz-bg\"><\/div>\n<div class=\"brz-column__items brz-css-eCJZD\">\n<div class=\"brz-row__container brz-css-eKbNP\" data-brz-custom-id=\"ipsb2Do08mzX\">\n<div class=\"brz-bg\"><\/div>\n<div class=\"brz-row brz-row--inner brz-css-gLwzw brz-css-dD1sv\">\n<div class=\"brz-columns brz-css-cEj0F\" data-brz-custom-id=\"zqmUxmJBQtfa\">\n<div class=\"brz-bg\"><\/div>\n<div class=\"brz-column__items brz-css-eCJZD\">\n<div id=\"\" class=\"brz-css-sI7XQ brz-wrapper\">\n<div class=\"brz-rich-text brz-rich-text__custom brz-css-zczpg\" data-brz-custom-id=\"hhGOTYIV9As2\">\n<div data-brz-translate-text=\"1\">\n<p class=\"brz-tp-lg-paragraph brz-css-m7121\" data-uniq-id=\"nRRKL\" data-generated-css=\"brz-css-oK0ap\"><\/p>\n<p class=\"brz-lh-lg-1_7 brz-fw-lg-300 brz-fs-lg-18 brz-ls-lg-0 brz-fss-lg-px brz-ft-google brz-ff-poppins brz-tp-lg-empty brz-css-ymbiw\" data-uniq-id=\"l3fRc\" data-generated-css=\"brz-css-sT1d5\"><strong style=\"color: rgba(var(--brz-global-color4),1);\" class=\"brz-cp-color4\"><u>Nous contacter<\/u><\/strong><\/p>\n<\/div>\n<\/div>\n<\/div>\n<div class=\"brz-wrapper-clone brz-css-tdF9j\">\n<div class=\"brz-d-xs-flex brz-flex-xs-wrap brz-css-cTVTP brz-css-g_bU3\" data-brz-custom-id=\"\">\n<div class=\"brz-wrapper-clone__item\" id=\"o5xyQQ3Zv3Hr\">\n<div class=\"brz-icon__container\" data-brz-custom-id=\"o5xyQQ3Zv3Hr\"><a class=\"brz-a\" href=\"mailto:cdragoni@epdsae.fr\" target=\"_self\" rel=\"noopener\" data-brz-link-type=\"external\"><span class=\"brz-icon brz-span brz-css-etAop brz-css-z2X5e\"><svg class=\"brz-icon-svg align-[initial]\"><use href=\"\/wp-content\/plugins\/brizy\/public\/editor-build\/prod\/editor\/icons\/fa\/envelope.svg#fa_icon\"><\/use><\/svg><\/span><\/a><\/div>\n<\/div>\n<\/div>\n<\/div>\n<\/div>\n<\/div>\n<div class=\"brz-columns brz-css-cEj0F\" data-brz-custom-id=\"wJrjI_OpHyGL\">\n<div class=\"brz-bg\"><\/div>\n<div class=\"brz-column__items brz-css-eCJZD\"><\/div>\n<\/div>\n<\/div>\n<\/div>\n<\/div>\n<\/div>\n<\/div>\n<\/div>\n<\/div>\n<\/div>\n<\/section>\n<p>{{ brizy_dc_global_blocks position=&rsquo;bottom&rsquo; }}<\/p><\/div>\n<p>    <!-- version:1757337154 --><\/p>\n","protected":false},"excerpt":{"rendered":"<p>{{ brizy_dc_global_blocks position=&rsquo;top&rsquo; }} {{placeholder content=&rsquo;e3sgZWRpdG9yX25hdmlnYXRpb24gfX0=&rsquo; menuId=&rsquo;menu-wordpress&rsquo;}} Pages Accueil R\u00e9servation Nous contacter Pages l\u00e9gales Mentions l\u00e9gales Politique de confidentialit\u00e9 Nous contacter {{ brizy_dc_global_blocks position=&rsquo;bottom&rsquo; }}<\/p>\n","protected":false},"author":1,"featured_media":0,"parent":0,"menu_order":0,"comment_status":"closed","ping_status":"closed","template":"brizy-blank-template.php","meta":{"footnotes":""},"class_list":["post-137","page","type-page","status-publish","hentry","entry"],"_links":{"self":[{"href":"https:\/\/picassoleil-vtttheque.site\/index.php\/wp-json\/wp\/v2\/pages\/137"}],"collection":[{"href":"https:\/\/picassoleil-vtttheque.site\/index.php\/wp-json\/wp\/v2\/pages"}],"about":[{"href":"https:\/\/picassoleil-vtttheque.site\/index.php\/wp-json\/wp\/v2\/types\/page"}],"author":[{"embeddable":true,"href":"https:\/\/picassoleil-vtttheque.site\/index.php\/wp-json\/wp\/v2\/users\/1"}],"replies":[{"embeddable":true,"href":"https:\/\/picassoleil-vtttheque.site\/index.php\/wp-json\/wp\/v2\/comments?post=137"}],"version-history":[{"count":9,"href":"https:\/\/picassoleil-vtttheque.site\/index.php\/wp-json\/wp\/v2\/pages\/137\/revisions"}],"predecessor-version":[{"id":344,"href":"https:\/\/picassoleil-vtttheque.site\/index.php\/wp-json\/wp\/v2\/pages\/137\/revisions\/344"}],"wp:attachment":[{"href":"https:\/\/picassoleil-vtttheque.site\/index.php\/wp-json\/wp\/v2\/media?parent=137"}],"curies":[{"name":"wp","href":"https:\/\/api.w.org\/{rel}","templated":true}]}}